{"id":1145,"date":"2026-03-12T17:40:25","date_gmt":"2026-03-12T16:40:25","guid":{"rendered":"https:\/\/geilitas.com\/?page_id=1145"},"modified":"2026-03-12T17:40:26","modified_gmt":"2026-03-12T16:40:26","slug":"mila-aus-der-ukraine","status":"publish","type":"page","link":"https:\/\/geilitas.com\/?page_id=1145","title":{"rendered":"Mila aus der Ukraine"},"content":{"rendered":"\n<figure class=\"wp-block-gallery has-nested-images columns-default is-cropped wp-block-gallery-1 is-layout-flex wp-block-gallery-is-layout-flex\">\n<figure class=\"wp-block-image size-large\"><img loading=\"lazy\" decoding=\"async\" width=\"1078\" height=\"1345\" data-id=\"1103\" src=\"https:\/\/geilitas.com\/wp-content\/uploads\/2026\/03\/11_efbbe675-2392-4927-b4ae-8ee20b0ad8f2.jpeg\" alt=\"\" class=\"wp-image-1103\"\/><\/figure>\n\n\n\n<figure class=\"wp-block-image size-large\"><img loading=\"lazy\" decoding=\"async\" width=\"1080\" height=\"1440\" data-id=\"1102\" src=\"https:\/\/geilitas.com\/wp-content\/uploads\/2026\/03\/10_3633ffdf-46e9-436f-9e95-4e4fb0718f90.jpeg\" alt=\"\" class=\"wp-image-1102\"\/><\/figure>\n\n\n\n<figure class=\"wp-block-image size-large\"><img loading=\"lazy\" decoding=\"async\" width=\"1078\" height=\"1436\" data-id=\"1101\" src=\"https:\/\/geilitas.com\/wp-content\/uploads\/2026\/03\/09_d515cc3e-3f46-4206-bbf5-f1afce2f3e03.jpeg\" alt=\"\" class=\"wp-image-1101\"\/><\/figure>\n\n\n\n<figure class=\"wp-block-image size-large\"><img loading=\"lazy\" decoding=\"async\" width=\"1080\" height=\"1440\" data-id=\"1100\" src=\"https:\/\/geilitas.com\/wp-content\/uploads\/2026\/03\/08_e8fcf154-6291-4550-8485-5b088590d80a.jpeg\" alt=\"\" class=\"wp-image-1100\"\/><\/figure>\n\n\n\n<figure class=\"wp-block-image size-large\"><img loading=\"lazy\" decoding=\"async\" width=\"1080\" height=\"1475\" data-id=\"1099\" src=\"https:\/\/geilitas.com\/wp-content\/uploads\/2026\/03\/07_28fd5b62-8519-4918-9c4e-8eeda1fd4687.jpeg\" alt=\"\" class=\"wp-image-1099\"\/><\/figure>\n\n\n\n<figure class=\"wp-block-image size-large\"><img loading=\"lazy\" decoding=\"async\" width=\"1080\" height=\"1394\" data-id=\"1098\" src=\"https:\/\/geilitas.com\/wp-content\/uploads\/2026\/03\/06_fcc62364-8368-43b8-b22b-8926c11b57a0.jpeg\" alt=\"\" class=\"wp-image-1098\"\/><\/figure>\n\n\n\n<figure class=\"wp-block-image size-large\"><img loading=\"lazy\" decoding=\"async\" width=\"1080\" height=\"1463\" data-id=\"1096\" src=\"https:\/\/geilitas.com\/wp-content\/uploads\/2026\/03\/04_1fadaf8d-a02e-43c4-bca9-acd0cb751ea1.jpeg\" alt=\"\" class=\"wp-image-1096\"\/><\/figure>\n\n\n\n<figure class=\"wp-block-image size-large\"><img loading=\"lazy\" decoding=\"async\" width=\"1078\" height=\"1424\" data-id=\"1093\" src=\"https:\/\/geilitas.com\/wp-content\/uploads\/2026\/03\/01_f2e3e98e-f679-411f-bde2-f2a5b2b30976.jpeg\" alt=\"\" class=\"wp-image-1093\"\/><\/figure>\n\n\n\n<figure class=\"wp-block-image size-large\"><img loading=\"lazy\" decoding=\"async\" width=\"1080\" height=\"1467\" data-id=\"1094\" src=\"https:\/\/geilitas.com\/wp-content\/uploads\/2026\/03\/02_e4347187-9083-4e50-8fe3-1e1b80f463ac.jpeg\" alt=\"\" class=\"wp-image-1094\"\/><\/figure>\n\n\n\n<figure class=\"wp-block-image size-large\"><img loading=\"lazy\" decoding=\"async\" width=\"1080\" height=\"1398\" data-id=\"1095\" src=\"https:\/\/geilitas.com\/wp-content\/uploads\/2026\/03\/03_2e8e4d12-f243-462e-a598-beca668518d8.jpeg\" alt=\"\" class=\"wp-image-1095\"\/><\/figure>\n\n\n\n<figure class=\"wp-block-image size-large\"><img loading=\"lazy\" decoding=\"async\" width=\"1080\" height=\"1398\" data-id=\"1097\" src=\"https:\/\/geilitas.com\/wp-content\/uploads\/2026\/03\/05_2e8e4d12-f243-462e-a598-beca668518d8.jpeg\" alt=\"\" class=\"wp-image-1097\"\/><\/figure>\n<\/figure>\n\n\n\n<p>Zum 1 Mal in Zwickau!<\/p>\n\n\n\n<p>Mila 35 j., aus der Ukraine. Blonder Sexy Fee mit knackige Figur Gr.38\/40 , Mega Natur Busen 95 DD !!! 1.60 gro\u00df, langes blondes Haar, sehr h\u00fcbsch!!!<br>Sehr gute Service!!! Erf\u00fcllt dir fast jeden Wunsch !!!<\/p>\n","protected":false},"excerpt":{"rendered":"<p>Zum 1 Mal in Zwickau! Mila 35 j., aus der Ukraine. Blonder Sexy Fee mit knackige Figur Gr.38\/40 , Mega Natur Busen 95 DD !!! 1.60 gro\u00df, langes blondes Haar, sehr h\u00fcbsch!!!Sehr gute Service!!! Erf\u00fcllt dir fast jeden Wunsch !!!<\/p>\n","protected":false},"author":1,"featured_media":0,"parent":0,"menu_order":0,"comment_status":"closed","ping_status":"closed","template":"","meta":{"footnotes":""},"class_list":["post-1145","page","type-page","status-publish","hentry"],"_links":{"self":[{"href":"https:\/\/geilitas.com\/index.php?rest_route=\/wp\/v2\/pages\/1145","targetHints":{"allow":["GET"]}}],"collection":[{"href":"https:\/\/geilitas.com\/index.php?rest_route=\/wp\/v2\/pages"}],"about":[{"href":"https:\/\/geilitas.com\/index.php?rest_route=\/wp\/v2\/types\/page"}],"author":[{"embeddable":true,"href":"https:\/\/geilitas.com\/index.php?rest_route=\/wp\/v2\/users\/1"}],"replies":[{"embeddable":true,"href":"https:\/\/geilitas.com\/index.php?rest_route=%2Fwp%2Fv2%2Fcomments&post=1145"}],"version-history":[{"count":1,"href":"https:\/\/geilitas.com\/index.php?rest_route=\/wp\/v2\/pages\/1145\/revisions"}],"predecessor-version":[{"id":1146,"href":"https:\/\/geilitas.com\/index.php?rest_route=\/wp\/v2\/pages\/1145\/revisions\/1146"}],"wp:attachment":[{"href":"https:\/\/geilitas.com\/index.php?rest_route=%2Fwp%2Fv2%2Fmedia&parent=1145"}],"curies":[{"name":"wp","href":"https:\/\/api.w.org\/{rel}","templated":true}]}}