{"id":60,"date":"2026-03-12T10:39:59","date_gmt":"2026-03-12T09:39:59","guid":{"rendered":"https:\/\/geilitas.com\/?page_id=60"},"modified":"2026-03-21T10:32:47","modified_gmt":"2026-03-21T09:32:47","slug":"girls-18-kommende-woche","status":"publish","type":"page","link":"https:\/\/geilitas.com\/?page_id=60","title":{"rendered":"Girls (+18n)"},"content":{"rendered":"\n<figure class=\"wp-block-image size-full is-resized\"><a href=\"https:\/\/geilitas.com\/?page_id=1133\"><img loading=\"lazy\" decoding=\"async\" width=\"1016\" height=\"1280\" src=\"https:\/\/geilitas.com\/wp-content\/uploads\/2026\/03\/Anonymized_02_568f059a-3f83-4cac-b45f-74e6e8fc047b.jpeg\" alt=\"\" class=\"wp-image-1070\" style=\"aspect-ratio:0.7937632884479093;width:474px;height:auto\"\/><\/a><\/figure>\n\n\n\n<p>Geilitas Girls (18+) wieder da in Zwickau ( an alte Adresse )!!!<\/p>\n\n\n\n<p>Zum 1 Mal in Zwickau!<\/p>\n\n\n\n<pre class=\"wp-block-code\"><code>Sandra 34 j., aus de Ukraine, schmusen Katze mit super Figur Gr.38, Natur OW 80 C, 1.65 gro\u00df. Langes schwarzes Haar und sehr h\u00fcbsche Gesicht!!!<\/code><\/pre>\n\n\n\n<p>Super Service!!!<\/p>\n\n\n\n<figure class=\"wp-block-image size-full is-resized\"><a href=\"https:\/\/geilitas.com\/?page_id=1145\"><img loading=\"lazy\" decoding=\"async\" width=\"1080\" height=\"1475\" src=\"https:\/\/geilitas.com\/wp-content\/uploads\/2026\/03\/07_28fd5b62-8519-4918-9c4e-8eeda1fd4687.jpeg\" alt=\"\" class=\"wp-image-1099\" style=\"aspect-ratio:0.7322155786491603;width:452px;height:auto\"\/><\/a><\/figure>\n\n\n\n<p>Zum 1 Mal in Zwickau!<\/p>\n\n\n\n<p>Mila 35 j., aus der Ukraine. Blonder Sexy Fee mit knackige Figur Gr.38\/40 , Mega Natur Busen 95 DD !!! 1.60 gro\u00df, langes blondes Haar, sehr h\u00fcbsch!!!<br>Sehr gute Service!!! Erf\u00fcllt dir fast jeden Wunsch !!!<\/p>\n\n\n\n<figure class=\"wp-block-image size-full is-resized\"><a href=\"https:\/\/geilitas.com\/?page_id=48\"><img loading=\"lazy\" decoding=\"async\" width=\"828\" height=\"1792\" src=\"https:\/\/geilitas.com\/wp-content\/uploads\/2026\/03\/04_IMG_3090.png\" alt=\"\" class=\"wp-image-1088\" style=\"width:512px;height:auto\"\/><\/a><\/figure>\n\n\n\n<p>Zum 1 Mal in Zwickau!<\/p>\n\n\n\n<p>Jaqueline Ende 30 j., aus Litauen. Geiler Natur Nymphomanin, mit weiblichen K\u00f6rpern Gr. 40\/42, Mega Natur OW 90 E !!! Langes schwarzes Haar, 1.60 gro\u00df. Vielseitiger Service!!! Senioren willkommen!!!<\/p>\n","protected":false},"excerpt":{"rendered":"<p>Geilitas Girls (18+) wieder da in Zwickau ( an alte Adresse )!!! Zum 1 Mal in Zwickau! Super Service!!! Zum 1 Mal in Zwickau! Mila 35 j., aus der Ukraine. Blonder Sexy Fee mit knackige Figur Gr.38\/40 , Mega Natur Busen 95 DD !!! 1.60 gro\u00df, langes blondes Haar, sehr <a href=\"https:\/\/geilitas.com\/?page_id=60\"><span class=\"meta-nav\"><\/p>\n<p>&raquo; Read more&#8230;<\/span><\/a><\/p>\n","protected":false},"author":1,"featured_media":0,"parent":0,"menu_order":0,"comment_status":"closed","ping_status":"closed","template":"","meta":{"footnotes":""},"class_list":["post-60","page","type-page","status-publish","hentry"],"_links":{"self":[{"href":"https:\/\/geilitas.com\/index.php?rest_route=\/wp\/v2\/pages\/60","targetHints":{"allow":["GET"]}}],"collection":[{"href":"https:\/\/geilitas.com\/index.php?rest_route=\/wp\/v2\/pages"}],"about":[{"href":"https:\/\/geilitas.com\/index.php?rest_route=\/wp\/v2\/types\/page"}],"author":[{"embeddable":true,"href":"https:\/\/geilitas.com\/index.php?rest_route=\/wp\/v2\/users\/1"}],"replies":[{"embeddable":true,"href":"https:\/\/geilitas.com\/index.php?rest_route=%2Fwp%2Fv2%2Fcomments&post=60"}],"version-history":[{"count":7,"href":"https:\/\/geilitas.com\/index.php?rest_route=\/wp\/v2\/pages\/60\/revisions"}],"predecessor-version":[{"id":1191,"href":"https:\/\/geilitas.com\/index.php?rest_route=\/wp\/v2\/pages\/60\/revisions\/1191"}],"wp:attachment":[{"href":"https:\/\/geilitas.com\/index.php?rest_route=%2Fwp%2Fv2%2Fmedia&parent=60"}],"curies":[{"name":"wp","href":"https:\/\/api.w.org\/{rel}","templated":true}]}}